{"id":5913,"date":"2023-09-29T10:17:48","date_gmt":"2023-09-29T10:17:48","guid":{"rendered":"https:\/\/losblancos.be\/product\/primer-mur-plafond-superior\/"},"modified":"2024-04-12T08:47:18","modified_gmt":"2024-04-12T08:47:18","slug":"primer-mur-plafond-superior","status":"publish","type":"product","link":"https:\/\/losblancos.be\/fr\/produit\/primer-mur-plafond-superior\/","title":{"rendered":"Primer mur-plafond superior int\u00e9rieur"},"content":{"rendered":"","protected":false},"excerpt":{"rendered":"<p>Primer mur-plafond superior est un appr\u00eat en phase aqueuse mate qui convient pour plafonds et murs int\u00e9rieur. <b>Bonne fluidit\u00e9<\/b> et adh\u00e9rence. Convient aussi aux applications par pistolet. <b>S\u00e8che rapidement<\/b>, <b>faible odeur<\/b> et respirant.<\/p>\n","protected":false},"featured_media":5793,"template":"","meta":{"om_disable_all_campaigns":false,"_monsterinsights_skip_tracking":false,"_monsterinsights_sitenote_active":false,"_monsterinsights_sitenote_note":"","_monsterinsights_sitenote_category":0},"product_brand":[],"product_cat":[71],"product_tag":[],"class_list":{"0":"post-5913","1":"product","2":"type-product","3":"status-publish","4":"has-post-thumbnail","6":"product_cat-primer-pour-murs-et-plafonds","8":"first","9":"instock","10":"shipping-taxable","11":"product-type-simple"},"_links":{"self":[{"href":"https:\/\/losblancos.be\/fr\/wp-json\/wp\/v2\/product\/5913","targetHints":{"allow":["GET"]}}],"collection":[{"href":"https:\/\/losblancos.be\/fr\/wp-json\/wp\/v2\/product"}],"about":[{"href":"https:\/\/losblancos.be\/fr\/wp-json\/wp\/v2\/types\/product"}],"wp:featuredmedia":[{"embeddable":true,"href":"https:\/\/losblancos.be\/fr\/wp-json\/wp\/v2\/media\/5793"}],"wp:attachment":[{"href":"https:\/\/losblancos.be\/fr\/wp-json\/wp\/v2\/media?parent=5913"}],"wp:term":[{"taxonomy":"product_brand","embeddable":true,"href":"https:\/\/losblancos.be\/fr\/wp-json\/wp\/v2\/product_brand?post=5913"},{"taxonomy":"product_cat","embeddable":true,"href":"https:\/\/losblancos.be\/fr\/wp-json\/wp\/v2\/product_cat?post=5913"},{"taxonomy":"product_tag","embeddable":true,"href":"https:\/\/losblancos.be\/fr\/wp-json\/wp\/v2\/product_tag?post=5913"}],"curies":[{"name":"wp","href":"https:\/\/api.w.org\/{rel}","templated":true}]}}