{"id":5941,"date":"2023-09-29T10:05:38","date_gmt":"2023-09-29T10:05:38","guid":{"rendered":"https:\/\/losblancos.be\/product\/hydrofix\/"},"modified":"2024-04-12T08:45:42","modified_gmt":"2024-04-12T08:45:42","slug":"hydrofix","status":"publish","type":"product","link":"https:\/\/losblancos.be\/fr\/produit\/hydrofix\/","title":{"rendered":"Hydrofix"},"content":{"rendered":"","protected":false},"excerpt":{"rendered":"<p>Fixateur incolore pour les murs. Peut \u00eatre utilis\u00e9 \u00e0 l&rsquo;int\u00e9rieur et \u00e0 l&rsquo;ext\u00e9rieur. <b>P\u00e9n\u00e8tre profond\u00e9ment<\/b> et est excellent pour traiter les supports tr\u00e8s absorbants et poudreux. Assure une <b>bonne adh\u00e9rence<\/b> aux couches de peinture suivantes. Faible odeur.<\/p>\n","protected":false},"featured_media":5674,"template":"","meta":{"om_disable_all_campaigns":false,"_monsterinsights_skip_tracking":false,"_monsterinsights_sitenote_active":false,"_monsterinsights_sitenote_note":"","_monsterinsights_sitenote_category":0},"product_brand":[],"product_cat":[71],"product_tag":[],"class_list":{"0":"post-5941","1":"product","2":"type-product","3":"status-publish","4":"has-post-thumbnail","6":"product_cat-primer-pour-murs-et-plafonds","8":"first","9":"instock","10":"shipping-taxable","11":"product-type-simple"},"_links":{"self":[{"href":"https:\/\/losblancos.be\/fr\/wp-json\/wp\/v2\/product\/5941","targetHints":{"allow":["GET"]}}],"collection":[{"href":"https:\/\/losblancos.be\/fr\/wp-json\/wp\/v2\/product"}],"about":[{"href":"https:\/\/losblancos.be\/fr\/wp-json\/wp\/v2\/types\/product"}],"wp:featuredmedia":[{"embeddable":true,"href":"https:\/\/losblancos.be\/fr\/wp-json\/wp\/v2\/media\/5674"}],"wp:attachment":[{"href":"https:\/\/losblancos.be\/fr\/wp-json\/wp\/v2\/media?parent=5941"}],"wp:term":[{"taxonomy":"product_brand","embeddable":true,"href":"https:\/\/losblancos.be\/fr\/wp-json\/wp\/v2\/product_brand?post=5941"},{"taxonomy":"product_cat","embeddable":true,"href":"https:\/\/losblancos.be\/fr\/wp-json\/wp\/v2\/product_cat?post=5941"},{"taxonomy":"product_tag","embeddable":true,"href":"https:\/\/losblancos.be\/fr\/wp-json\/wp\/v2\/product_tag?post=5941"}],"curies":[{"name":"wp","href":"https:\/\/api.w.org\/{rel}","templated":true}]}}