{"id":5943,"date":"2023-10-02T14:15:52","date_gmt":"2023-10-02T14:15:52","guid":{"rendered":"https:\/\/losblancos.be\/product\/sil-crepi\/"},"modified":"2024-04-12T08:23:15","modified_gmt":"2024-04-12T08:23:15","slug":"sil-crepi","status":"publish","type":"product","link":"https:\/\/losblancos.be\/fr\/produit\/sil-crepi\/","title":{"rendered":"Sil-crepi"},"content":{"rendered":"","protected":false},"excerpt":{"rendered":"<p>Pl\u00e2tre d\u00e9coratif durable, <b>d&rsquo;excellente adh\u00e9rence<\/b>, \u00e0 structure granulaire r\u00e9guli\u00e8re, avec effet perl\u00e9, \u00e0 base de dispersion de r\u00e9sine synth\u00e9tique silicon\u00e9e. Sil-crepi a une f<b>aible absorption d&rsquo;eau<\/b> et <b>une bonne perm\u00e9abilit\u00e9 \u00e0 la vapeur d&rsquo;eau<\/b>. Application tr\u00e8s souple. En fonction de la m\u00e9thode d&rsquo;application, on obtient <b>diff\u00e9rents r\u00e9sultats d\u00e9coratifs<\/b>. Pour l&rsquo;int\u00e9rieur et l&rsquo;ext\u00e9rieur.<\/p>\n","protected":false},"featured_media":5774,"template":"","meta":{"om_disable_all_campaigns":false,"_monsterinsights_skip_tracking":false,"_monsterinsights_sitenote_active":false,"_monsterinsights_sitenote_note":"","_monsterinsights_sitenote_category":0},"product_brand":[],"product_cat":[83],"product_tag":[],"class_list":{"0":"post-5943","1":"product","2":"type-product","3":"status-publish","4":"has-post-thumbnail","6":"product_cat-platre-decoratif","8":"first","9":"instock","10":"shipping-taxable","11":"product-type-simple"},"_links":{"self":[{"href":"https:\/\/losblancos.be\/fr\/wp-json\/wp\/v2\/product\/5943","targetHints":{"allow":["GET"]}}],"collection":[{"href":"https:\/\/losblancos.be\/fr\/wp-json\/wp\/v2\/product"}],"about":[{"href":"https:\/\/losblancos.be\/fr\/wp-json\/wp\/v2\/types\/product"}],"wp:featuredmedia":[{"embeddable":true,"href":"https:\/\/losblancos.be\/fr\/wp-json\/wp\/v2\/media\/5774"}],"wp:attachment":[{"href":"https:\/\/losblancos.be\/fr\/wp-json\/wp\/v2\/media?parent=5943"}],"wp:term":[{"taxonomy":"product_brand","embeddable":true,"href":"https:\/\/losblancos.be\/fr\/wp-json\/wp\/v2\/product_brand?post=5943"},{"taxonomy":"product_cat","embeddable":true,"href":"https:\/\/losblancos.be\/fr\/wp-json\/wp\/v2\/product_cat?post=5943"},{"taxonomy":"product_tag","embeddable":true,"href":"https:\/\/losblancos.be\/fr\/wp-json\/wp\/v2\/product_tag?post=5943"}],"curies":[{"name":"wp","href":"https:\/\/api.w.org\/{rel}","templated":true}]}}