{"id":5944,"date":"2023-10-02T14:12:41","date_gmt":"2023-10-02T14:12:41","guid":{"rendered":"https:\/\/losblancos.be\/product\/crepi-primer\/"},"modified":"2024-04-12T08:23:44","modified_gmt":"2024-04-12T08:23:44","slug":"crepi-primer","status":"publish","type":"product","link":"https:\/\/losblancos.be\/fr\/produit\/crepi-primer\/","title":{"rendered":"Cr\u00e9pi primer"},"content":{"rendered":"","protected":false},"excerpt":{"rendered":"<p>Primer <b>couvrant blanc<\/b> \u00e0 grains fins pour tous les cr\u00e9pis d\u00e9coratifs, \u00e0 base de dispersion acrylique. Assure une b<b>onne adh\u00e9rence<\/b> de la couche de finition et <b>r\u00e9duit l&rsquo;absorption du support<\/b>. Pour l&rsquo;int\u00e9rieur et l&rsquo;ext\u00e9rieur.<\/p>\n","protected":false},"featured_media":6399,"template":"","meta":{"om_disable_all_campaigns":false,"_monsterinsights_skip_tracking":false,"_monsterinsights_sitenote_active":false,"_monsterinsights_sitenote_note":"","_monsterinsights_sitenote_category":0},"product_brand":[],"product_cat":[83],"product_tag":[],"class_list":{"0":"post-5944","1":"product","2":"type-product","3":"status-publish","4":"has-post-thumbnail","6":"product_cat-platre-decoratif","8":"first","9":"instock","10":"shipping-taxable","11":"product-type-simple"},"_links":{"self":[{"href":"https:\/\/losblancos.be\/fr\/wp-json\/wp\/v2\/product\/5944","targetHints":{"allow":["GET"]}}],"collection":[{"href":"https:\/\/losblancos.be\/fr\/wp-json\/wp\/v2\/product"}],"about":[{"href":"https:\/\/losblancos.be\/fr\/wp-json\/wp\/v2\/types\/product"}],"wp:featuredmedia":[{"embeddable":true,"href":"https:\/\/losblancos.be\/fr\/wp-json\/wp\/v2\/media\/6399"}],"wp:attachment":[{"href":"https:\/\/losblancos.be\/fr\/wp-json\/wp\/v2\/media?parent=5944"}],"wp:term":[{"taxonomy":"product_brand","embeddable":true,"href":"https:\/\/losblancos.be\/fr\/wp-json\/wp\/v2\/product_brand?post=5944"},{"taxonomy":"product_cat","embeddable":true,"href":"https:\/\/losblancos.be\/fr\/wp-json\/wp\/v2\/product_cat?post=5944"},{"taxonomy":"product_tag","embeddable":true,"href":"https:\/\/losblancos.be\/fr\/wp-json\/wp\/v2\/product_tag?post=5944"}],"curies":[{"name":"wp","href":"https:\/\/api.w.org\/{rel}","templated":true}]}}