{"id":5945,"date":"2023-10-02T14:09:51","date_gmt":"2023-10-02T14:09:51","guid":{"rendered":"https:\/\/losblancos.be\/product\/gripprim\/"},"modified":"2024-04-12T08:26:00","modified_gmt":"2024-04-12T08:26:00","slug":"gripprim","status":"publish","type":"product","link":"https:\/\/losblancos.be\/fr\/produit\/gripprim\/","title":{"rendered":"Gripprim"},"content":{"rendered":"","protected":false},"excerpt":{"rendered":"<p>Gripprim est un primaire d&rsquo;accrochage, avec de tr\u00e8s faible \u00e9mission de compos\u00e9s organiques volatils (COV) et est compos\u00e9 de r\u00e9sine acrylique en dispersion aqueuse et de granulats s\u00e9lectionn\u00e9s. Il cr\u00e9e une surface d&rsquo;adh\u00e9rence rugueuse, id\u00e9ale pour les enduits, les ciments-colles, les enduits d&rsquo;\u00e9galisation et les enduits de lissage. Gripprim convient comme pr\u00e9paration pour le carrelage des murs et des sols.<\/p>\n","protected":false},"featured_media":5800,"template":"","meta":{"om_disable_all_campaigns":false,"_monsterinsights_skip_tracking":false,"_monsterinsights_sitenote_active":false,"_monsterinsights_sitenote_note":"","_monsterinsights_sitenote_category":0},"product_brand":[],"product_cat":[74],"product_tag":[],"class_list":{"0":"post-5945","1":"product","2":"type-product","3":"status-publish","4":"has-post-thumbnail","6":"product_cat-primer-dadherence","8":"first","9":"instock","10":"featured","11":"shipping-taxable","12":"product-type-simple"},"_links":{"self":[{"href":"https:\/\/losblancos.be\/fr\/wp-json\/wp\/v2\/product\/5945","targetHints":{"allow":["GET"]}}],"collection":[{"href":"https:\/\/losblancos.be\/fr\/wp-json\/wp\/v2\/product"}],"about":[{"href":"https:\/\/losblancos.be\/fr\/wp-json\/wp\/v2\/types\/product"}],"wp:featuredmedia":[{"embeddable":true,"href":"https:\/\/losblancos.be\/fr\/wp-json\/wp\/v2\/media\/5800"}],"wp:attachment":[{"href":"https:\/\/losblancos.be\/fr\/wp-json\/wp\/v2\/media?parent=5945"}],"wp:term":[{"taxonomy":"product_brand","embeddable":true,"href":"https:\/\/losblancos.be\/fr\/wp-json\/wp\/v2\/product_brand?post=5945"},{"taxonomy":"product_cat","embeddable":true,"href":"https:\/\/losblancos.be\/fr\/wp-json\/wp\/v2\/product_cat?post=5945"},{"taxonomy":"product_tag","embeddable":true,"href":"https:\/\/losblancos.be\/fr\/wp-json\/wp\/v2\/product_tag?post=5945"}],"curies":[{"name":"wp","href":"https:\/\/api.w.org\/{rel}","templated":true}]}}