{"id":5946,"date":"2023-10-02T14:05:26","date_gmt":"2023-10-02T14:05:26","guid":{"rendered":"https:\/\/losblancos.be\/product\/stucprim\/"},"modified":"2024-04-12T08:26:33","modified_gmt":"2024-04-12T08:26:33","slug":"stucprim","status":"publish","type":"product","link":"https:\/\/losblancos.be\/fr\/produit\/stucprim\/","title":{"rendered":"Stucprim"},"content":{"rendered":"","protected":false},"excerpt":{"rendered":"<p>Primer pour int\u00e9rieur p\u00e9n\u00e9trant en profondeur dans le support, pour le traitement des <b>supports tr\u00e8s absorbants ou \u00e0 absorption irr\u00e9guli\u00e8re<\/b>. \u00c9vite la br\u00fblure ou l&rsquo;accrochage irr\u00e9gulier de la couche de cr\u00e9pi pl\u00e2trage \u00e0 appliquer. <b>Pr\u00eat \u00e0 l\u2019emploi<\/b>.<\/p>\n","protected":false},"featured_media":6402,"template":"","meta":{"om_disable_all_campaigns":false,"_monsterinsights_skip_tracking":false,"_monsterinsights_sitenote_active":false,"_monsterinsights_sitenote_note":"","_monsterinsights_sitenote_category":0},"product_brand":[],"product_cat":[74],"product_tag":[],"class_list":{"0":"post-5946","1":"product","2":"type-product","3":"status-publish","4":"has-post-thumbnail","6":"product_cat-primer-dadherence","8":"first","9":"instock","10":"shipping-taxable","11":"product-type-simple"},"_links":{"self":[{"href":"https:\/\/losblancos.be\/fr\/wp-json\/wp\/v2\/product\/5946","targetHints":{"allow":["GET"]}}],"collection":[{"href":"https:\/\/losblancos.be\/fr\/wp-json\/wp\/v2\/product"}],"about":[{"href":"https:\/\/losblancos.be\/fr\/wp-json\/wp\/v2\/types\/product"}],"wp:featuredmedia":[{"embeddable":true,"href":"https:\/\/losblancos.be\/fr\/wp-json\/wp\/v2\/media\/6402"}],"wp:attachment":[{"href":"https:\/\/losblancos.be\/fr\/wp-json\/wp\/v2\/media?parent=5946"}],"wp:term":[{"taxonomy":"product_brand","embeddable":true,"href":"https:\/\/losblancos.be\/fr\/wp-json\/wp\/v2\/product_brand?post=5946"},{"taxonomy":"product_cat","embeddable":true,"href":"https:\/\/losblancos.be\/fr\/wp-json\/wp\/v2\/product_cat?post=5946"},{"taxonomy":"product_tag","embeddable":true,"href":"https:\/\/losblancos.be\/fr\/wp-json\/wp\/v2\/product_tag?post=5946"}],"curies":[{"name":"wp","href":"https:\/\/api.w.org\/{rel}","templated":true}]}}