{"id":5948,"date":"2023-10-02T13:42:42","date_gmt":"2023-10-02T13:42:42","guid":{"rendered":"https:\/\/losblancos.be\/product\/betontac-extra\/"},"modified":"2024-04-12T08:29:45","modified_gmt":"2024-04-12T08:29:45","slug":"betontac-extra","status":"publish","type":"product","link":"https:\/\/losblancos.be\/fr\/produit\/betontac-extra\/","title":{"rendered":"Betontac extra"},"content":{"rendered":"","protected":false},"excerpt":{"rendered":"<p>Primaire d&rsquo;adh\u00e9rence pour l&rsquo;int\u00e9rieur et l\u2019ext\u00e9rieur afin d&rsquo;am\u00e9liorer l&rsquo;adh\u00e9rence du pl\u00e2tre sur le b\u00e9ton ou les substrats lisses. Forme une <b>liaison adh\u00e9sive pour les supports peu ou pas absorbants<\/b> afin qu&rsquo;ils puissent \u00eatre enduits ou carrel\u00e9s. <b>Facile \u00e0 appliquer<\/b>, avec une <b>grande efficacit\u00e9<\/b>. <b>Isolant<\/b>.<\/p>\n","protected":false},"featured_media":6405,"template":"","meta":{"om_disable_all_campaigns":false,"_monsterinsights_skip_tracking":false,"_monsterinsights_sitenote_active":false,"_monsterinsights_sitenote_note":"","_monsterinsights_sitenote_category":0},"product_brand":[],"product_cat":[74],"product_tag":[],"class_list":{"0":"post-5948","1":"product","2":"type-product","3":"status-publish","4":"has-post-thumbnail","6":"product_cat-primer-dadherence","8":"first","9":"instock","10":"shipping-taxable","11":"product-type-simple"},"_links":{"self":[{"href":"https:\/\/losblancos.be\/fr\/wp-json\/wp\/v2\/product\/5948","targetHints":{"allow":["GET"]}}],"collection":[{"href":"https:\/\/losblancos.be\/fr\/wp-json\/wp\/v2\/product"}],"about":[{"href":"https:\/\/losblancos.be\/fr\/wp-json\/wp\/v2\/types\/product"}],"wp:featuredmedia":[{"embeddable":true,"href":"https:\/\/losblancos.be\/fr\/wp-json\/wp\/v2\/media\/6405"}],"wp:attachment":[{"href":"https:\/\/losblancos.be\/fr\/wp-json\/wp\/v2\/media?parent=5948"}],"wp:term":[{"taxonomy":"product_brand","embeddable":true,"href":"https:\/\/losblancos.be\/fr\/wp-json\/wp\/v2\/product_brand?post=5948"},{"taxonomy":"product_cat","embeddable":true,"href":"https:\/\/losblancos.be\/fr\/wp-json\/wp\/v2\/product_cat?post=5948"},{"taxonomy":"product_tag","embeddable":true,"href":"https:\/\/losblancos.be\/fr\/wp-json\/wp\/v2\/product_tag?post=5948"}],"curies":[{"name":"wp","href":"https:\/\/api.w.org\/{rel}","templated":true}]}}