{"id":5949,"date":"2023-10-02T13:40:39","date_gmt":"2023-10-02T13:40:39","guid":{"rendered":"https:\/\/losblancos.be\/product\/pro-floor-blanc\/"},"modified":"2024-04-12T08:32:13","modified_gmt":"2024-04-12T08:32:13","slug":"pro-floor-blanc","status":"publish","type":"product","link":"https:\/\/losblancos.be\/fr\/produit\/pro-floor-blanc\/","title":{"rendered":"Pro floor blanc"},"content":{"rendered":"","protected":false},"excerpt":{"rendered":"<p>Peinture blanche pour sols r\u00e9sistante \u00e0 l&rsquo;usure, \u00e0 base d\u2019alkyde renforc\u00e9e au polyur\u00e9thane. Donne \u00e0 vos sols en b\u00e9ton et en ciment la protection dont ils ont besoin. La peinture \u00e0 1-composant peut supporter des charges l\u00e9g\u00e8res \u00e0 moyennes. La peinture offre un aspect esth\u00e9tique. Pour l&rsquo;int\u00e9rieur et l&rsquo;ext\u00e9rieur.<\/p>\n","protected":false},"featured_media":6282,"template":"","meta":{"om_disable_all_campaigns":false,"_monsterinsights_skip_tracking":false,"_monsterinsights_sitenote_active":false,"_monsterinsights_sitenote_note":"","_monsterinsights_sitenote_category":0},"product_brand":[],"product_cat":[84],"product_tag":[],"class_list":{"0":"post-5949","1":"product","2":"type-product","3":"status-publish","4":"has-post-thumbnail","6":"product_cat-sol","8":"first","9":"instock","10":"shipping-taxable","11":"product-type-simple"},"_links":{"self":[{"href":"https:\/\/losblancos.be\/fr\/wp-json\/wp\/v2\/product\/5949","targetHints":{"allow":["GET"]}}],"collection":[{"href":"https:\/\/losblancos.be\/fr\/wp-json\/wp\/v2\/product"}],"about":[{"href":"https:\/\/losblancos.be\/fr\/wp-json\/wp\/v2\/types\/product"}],"wp:featuredmedia":[{"embeddable":true,"href":"https:\/\/losblancos.be\/fr\/wp-json\/wp\/v2\/media\/6282"}],"wp:attachment":[{"href":"https:\/\/losblancos.be\/fr\/wp-json\/wp\/v2\/media?parent=5949"}],"wp:term":[{"taxonomy":"product_brand","embeddable":true,"href":"https:\/\/losblancos.be\/fr\/wp-json\/wp\/v2\/product_brand?post=5949"},{"taxonomy":"product_cat","embeddable":true,"href":"https:\/\/losblancos.be\/fr\/wp-json\/wp\/v2\/product_cat?post=5949"},{"taxonomy":"product_tag","embeddable":true,"href":"https:\/\/losblancos.be\/fr\/wp-json\/wp\/v2\/product_tag?post=5949"}],"curies":[{"name":"wp","href":"https:\/\/api.w.org\/{rel}","templated":true}]}}