{"id":5951,"date":"2023-10-02T13:33:09","date_gmt":"2023-10-02T13:33:09","guid":{"rendered":"https:\/\/losblancos.be\/product\/pro-vernis-satin\/"},"modified":"2024-04-12T08:35:24","modified_gmt":"2024-04-12T08:35:24","slug":"pro-vernis-satin","status":"publish","type":"product","link":"https:\/\/losblancos.be\/fr\/produit\/pro-vernis-satin\/","title":{"rendered":"Pro vernis satin\u00e9"},"content":{"rendered":"","protected":false},"excerpt":{"rendered":"<p>Vernis satin\u00e9 d\u00e9coratif pour l&rsquo;int\u00e9rieur et l&rsquo;ext\u00e9rieur, adapt\u00e9 au bois et au m\u00e9tal. Le vernis poss\u00e8de une <b>grande durabilit\u00e9<\/b>, un <b>s\u00e9chage rapide<\/b>, une <b>grande duret\u00e9<\/b>, une application ais\u00e9e et une <b>r\u00e9sistance aux rayures<\/b>. En raison de sa souplesse, les fissures et les d\u00e9chirures ne se produisent pas dans des conditions d&rsquo;utilisation normales.<\/p>\n","protected":false},"featured_media":5754,"template":"","meta":{"om_disable_all_campaigns":false,"_monsterinsights_skip_tracking":false,"_monsterinsights_sitenote_active":false,"_monsterinsights_sitenote_note":"","_monsterinsights_sitenote_category":0},"product_brand":[],"product_cat":[75,76],"product_tag":[],"class_list":{"0":"post-5951","1":"product","2":"type-product","3":"status-publish","4":"has-post-thumbnail","6":"product_cat-finition-du-bois-et-du-metal","7":"product_cat-lasure-et-vernis","9":"first","10":"instock","11":"shipping-taxable","12":"product-type-simple"},"_links":{"self":[{"href":"https:\/\/losblancos.be\/fr\/wp-json\/wp\/v2\/product\/5951","targetHints":{"allow":["GET"]}}],"collection":[{"href":"https:\/\/losblancos.be\/fr\/wp-json\/wp\/v2\/product"}],"about":[{"href":"https:\/\/losblancos.be\/fr\/wp-json\/wp\/v2\/types\/product"}],"wp:featuredmedia":[{"embeddable":true,"href":"https:\/\/losblancos.be\/fr\/wp-json\/wp\/v2\/media\/5754"}],"wp:attachment":[{"href":"https:\/\/losblancos.be\/fr\/wp-json\/wp\/v2\/media?parent=5951"}],"wp:term":[{"taxonomy":"product_brand","embeddable":true,"href":"https:\/\/losblancos.be\/fr\/wp-json\/wp\/v2\/product_brand?post=5951"},{"taxonomy":"product_cat","embeddable":true,"href":"https:\/\/losblancos.be\/fr\/wp-json\/wp\/v2\/product_cat?post=5951"},{"taxonomy":"product_tag","embeddable":true,"href":"https:\/\/losblancos.be\/fr\/wp-json\/wp\/v2\/product_tag?post=5951"}],"curies":[{"name":"wp","href":"https:\/\/api.w.org\/{rel}","templated":true}]}}