{"id":5954,"date":"2023-10-02T13:27:00","date_gmt":"2023-10-02T13:27:00","guid":{"rendered":"https:\/\/losblancos.be\/product\/pro-email-brillant\/"},"modified":"2024-04-12T08:59:30","modified_gmt":"2024-04-12T08:59:30","slug":"pro-email-brillant","status":"publish","type":"product","link":"https:\/\/losblancos.be\/fr\/produit\/pro-email-brillant\/","title":{"rendered":"Pro \u00e9mail brillant"},"content":{"rendered":"","protected":false},"excerpt":{"rendered":"<p>Peinture d\u00e9corative brillante de premi\u00e8re qualit\u00e9 \u00e0 base de solvant pour l&rsquo;int\u00e9rieur et l&rsquo;ext\u00e9rieur. Elle pr\u00e9sente une <b>grande durabilit\u00e9<\/b> et un <b>pouvoir couvrant \u00e9lev\u00e9<\/b>. La peinture est <b>facile \u00e0 appliquer<\/b> et s\u00e8che rapidement. En raison de la flexibilit\u00e9 de la peinture, la formation de fissures et de craquelures ne se produira pas dans des conditions d&rsquo;utilisation normales.<\/p>\n","protected":false},"featured_media":5746,"template":"","meta":{"om_disable_all_campaigns":false,"_monsterinsights_skip_tracking":false,"_monsterinsights_sitenote_active":false,"_monsterinsights_sitenote_note":"","_monsterinsights_sitenote_category":0},"product_brand":[],"product_cat":[77,75],"product_tag":[],"class_list":{"0":"post-5954","1":"product","2":"type-product","3":"status-publish","4":"has-post-thumbnail","6":"product_cat-email-a-base-dalkyde","7":"product_cat-finition-du-bois-et-du-metal","9":"first","10":"instock","11":"shipping-taxable","12":"product-type-simple"},"_links":{"self":[{"href":"https:\/\/losblancos.be\/fr\/wp-json\/wp\/v2\/product\/5954","targetHints":{"allow":["GET"]}}],"collection":[{"href":"https:\/\/losblancos.be\/fr\/wp-json\/wp\/v2\/product"}],"about":[{"href":"https:\/\/losblancos.be\/fr\/wp-json\/wp\/v2\/types\/product"}],"wp:featuredmedia":[{"embeddable":true,"href":"https:\/\/losblancos.be\/fr\/wp-json\/wp\/v2\/media\/5746"}],"wp:attachment":[{"href":"https:\/\/losblancos.be\/fr\/wp-json\/wp\/v2\/media?parent=5954"}],"wp:term":[{"taxonomy":"product_brand","embeddable":true,"href":"https:\/\/losblancos.be\/fr\/wp-json\/wp\/v2\/product_brand?post=5954"},{"taxonomy":"product_cat","embeddable":true,"href":"https:\/\/losblancos.be\/fr\/wp-json\/wp\/v2\/product_cat?post=5954"},{"taxonomy":"product_tag","embeddable":true,"href":"https:\/\/losblancos.be\/fr\/wp-json\/wp\/v2\/product_tag?post=5954"}],"curies":[{"name":"wp","href":"https:\/\/api.w.org\/{rel}","templated":true}]}}