{"id":5958,"date":"2023-10-02T13:13:04","date_gmt":"2023-10-02T13:13:04","guid":{"rendered":"https:\/\/losblancos.be\/product\/pro-email-pour-bois-mat-aqueuse\/"},"modified":"2024-04-12T08:53:51","modified_gmt":"2024-04-12T08:53:51","slug":"pro-email-pour-bois-mat-aqueuse","status":"publish","type":"product","link":"https:\/\/losblancos.be\/fr\/produit\/pro-email-pour-bois-mat-aqueuse\/","title":{"rendered":"Pro \u00e9mail pour bois mat aqueuse"},"content":{"rendered":"","protected":false},"excerpt":{"rendered":"<p>Laque acrylique mate en phase aqueuse pour int\u00e9rieur et ext\u00e9rieur. Protection et d\u00e9coration de haute qualit\u00e9 du bois. Assure une surface parfaitement uniforme. <b>Bon pouvoir couvrant<\/b> et facilit\u00e9 d&rsquo;application. <b>Lavable, ne jaunit pas, s\u00e8che rapidement<\/b>. Pratiquement inodore.<\/p>\n","protected":false},"featured_media":5734,"template":"","meta":{"om_disable_all_campaigns":false,"_monsterinsights_skip_tracking":false,"_monsterinsights_sitenote_active":false,"_monsterinsights_sitenote_note":"","_monsterinsights_sitenote_category":0},"product_brand":[],"product_cat":[78,75],"product_tag":[],"class_list":{"0":"post-5958","1":"product","2":"type-product","3":"status-publish","4":"has-post-thumbnail","6":"product_cat-email-a-base-deau","7":"product_cat-finition-du-bois-et-du-metal","9":"first","10":"instock","11":"shipping-taxable","12":"product-type-simple"},"_links":{"self":[{"href":"https:\/\/losblancos.be\/fr\/wp-json\/wp\/v2\/product\/5958","targetHints":{"allow":["GET"]}}],"collection":[{"href":"https:\/\/losblancos.be\/fr\/wp-json\/wp\/v2\/product"}],"about":[{"href":"https:\/\/losblancos.be\/fr\/wp-json\/wp\/v2\/types\/product"}],"wp:featuredmedia":[{"embeddable":true,"href":"https:\/\/losblancos.be\/fr\/wp-json\/wp\/v2\/media\/5734"}],"wp:attachment":[{"href":"https:\/\/losblancos.be\/fr\/wp-json\/wp\/v2\/media?parent=5958"}],"wp:term":[{"taxonomy":"product_brand","embeddable":true,"href":"https:\/\/losblancos.be\/fr\/wp-json\/wp\/v2\/product_brand?post=5958"},{"taxonomy":"product_cat","embeddable":true,"href":"https:\/\/losblancos.be\/fr\/wp-json\/wp\/v2\/product_cat?post=5958"},{"taxonomy":"product_tag","embeddable":true,"href":"https:\/\/losblancos.be\/fr\/wp-json\/wp\/v2\/product_tag?post=5958"}],"curies":[{"name":"wp","href":"https:\/\/api.w.org\/{rel}","templated":true}]}}