{"id":5962,"date":"2023-10-02T09:30:05","date_gmt":"2023-10-02T09:30:05","guid":{"rendered":"https:\/\/losblancos.be\/product\/primer-isolant-pour-le-bois\/"},"modified":"2024-04-12T08:53:19","modified_gmt":"2024-04-12T08:53:19","slug":"primer-isolant-pour-le-bois","status":"publish","type":"product","link":"https:\/\/losblancos.be\/fr\/produit\/primer-isolant-pour-le-bois\/","title":{"rendered":"Primer isolant pour le bois"},"content":{"rendered":"","protected":false},"excerpt":{"rendered":"<p>Primer isolant \u00e0 base d&rsquo;eau pour les applications en bois. Le primer <b>arr\u00eate les traces\/taches<\/b> <b>sortant du bois dur<\/b> &#8211; \u00e9galement connue sous le nom de \u00ab\u00a0saignement\u00a0\u00bb du bois. Application facile et sans <b>\u00e9claboussures<\/b>, <b>s\u00e9chage rapide<\/b> et est pratiquement inodore. Respirant. Pr\u00e9paration id\u00e9ale pour la finition avec une laque \u00e0 base d&rsquo;eau. Pour l&rsquo;int\u00e9rieur et l&rsquo;ext\u00e9rieur.<\/p>\n","protected":false},"featured_media":5803,"template":"","meta":{"om_disable_all_campaigns":false,"_monsterinsights_skip_tracking":false,"_monsterinsights_sitenote_active":false,"_monsterinsights_sitenote_note":"","_monsterinsights_sitenote_category":0},"product_brand":[],"product_cat":[80,79],"product_tag":[],"class_list":{"0":"post-5962","1":"product","2":"type-product","3":"status-publish","4":"has-post-thumbnail","6":"product_cat-bois","7":"product_cat-primer-pour-bois-metal","9":"first","10":"instock","11":"shipping-taxable","12":"product-type-simple"},"_links":{"self":[{"href":"https:\/\/losblancos.be\/fr\/wp-json\/wp\/v2\/product\/5962","targetHints":{"allow":["GET"]}}],"collection":[{"href":"https:\/\/losblancos.be\/fr\/wp-json\/wp\/v2\/product"}],"about":[{"href":"https:\/\/losblancos.be\/fr\/wp-json\/wp\/v2\/types\/product"}],"wp:featuredmedia":[{"embeddable":true,"href":"https:\/\/losblancos.be\/fr\/wp-json\/wp\/v2\/media\/5803"}],"wp:attachment":[{"href":"https:\/\/losblancos.be\/fr\/wp-json\/wp\/v2\/media?parent=5962"}],"wp:term":[{"taxonomy":"product_brand","embeddable":true,"href":"https:\/\/losblancos.be\/fr\/wp-json\/wp\/v2\/product_brand?post=5962"},{"taxonomy":"product_cat","embeddable":true,"href":"https:\/\/losblancos.be\/fr\/wp-json\/wp\/v2\/product_cat?post=5962"},{"taxonomy":"product_tag","embeddable":true,"href":"https:\/\/losblancos.be\/fr\/wp-json\/wp\/v2\/product_tag?post=5962"}],"curies":[{"name":"wp","href":"https:\/\/api.w.org\/{rel}","templated":true}]}}