{"id":5963,"date":"2023-10-02T09:28:12","date_gmt":"2023-10-02T09:28:12","guid":{"rendered":"https:\/\/losblancos.be\/product\/formule-12-exterieur\/"},"modified":"2024-04-12T08:55:53","modified_gmt":"2024-04-12T08:55:53","slug":"formule-12-exterieur","status":"publish","type":"product","link":"https:\/\/losblancos.be\/fr\/produit\/formule-12-exterieur\/","title":{"rendered":"Formule 12 ext\u00e9rieur"},"content":{"rendered":"","protected":false},"excerpt":{"rendered":"<p>Peinture murale mate de haute qualit\u00e9, tr\u00e8s couvrante, \u00e0 base de dispersion acrylique pour l&rsquo;int\u00e9rieur et l&rsquo;ext\u00e9rieur. <strong>Application facile et sans \u00e9claboussures<\/strong>, <strong>bon \u00e9coulement<\/strong>, <strong>bonne adh\u00e9rence<\/strong> et <strong>excellent pouvoir couvrant<\/strong>. R\u00e9sistante aux intemp\u00e9ries, tr\u00e8s lavable et respirante.<\/p>\n<p>Donne \u00e0 vos murs un aspect tendance et moderne. Pour un r\u00e9sultat final beau et uniforme.<\/p>\n","protected":false},"featured_media":6393,"template":"","meta":{"om_disable_all_campaigns":false,"_monsterinsights_skip_tracking":false,"_monsterinsights_sitenote_active":false,"_monsterinsights_sitenote_note":"","_monsterinsights_sitenote_category":0},"product_brand":[],"product_cat":[82,72],"product_tag":[],"class_list":{"0":"post-5963","1":"product","2":"type-product","3":"status-publish","4":"has-post-thumbnail","6":"product_cat-exterieur","7":"product_cat-finitions-des-murs-et-plafonds","9":"first","10":"instock","11":"shipping-taxable","12":"product-type-simple"},"_links":{"self":[{"href":"https:\/\/losblancos.be\/fr\/wp-json\/wp\/v2\/product\/5963","targetHints":{"allow":["GET"]}}],"collection":[{"href":"https:\/\/losblancos.be\/fr\/wp-json\/wp\/v2\/product"}],"about":[{"href":"https:\/\/losblancos.be\/fr\/wp-json\/wp\/v2\/types\/product"}],"wp:featuredmedia":[{"embeddable":true,"href":"https:\/\/losblancos.be\/fr\/wp-json\/wp\/v2\/media\/6393"}],"wp:attachment":[{"href":"https:\/\/losblancos.be\/fr\/wp-json\/wp\/v2\/media?parent=5963"}],"wp:term":[{"taxonomy":"product_brand","embeddable":true,"href":"https:\/\/losblancos.be\/fr\/wp-json\/wp\/v2\/product_brand?post=5963"},{"taxonomy":"product_cat","embeddable":true,"href":"https:\/\/losblancos.be\/fr\/wp-json\/wp\/v2\/product_cat?post=5963"},{"taxonomy":"product_tag","embeddable":true,"href":"https:\/\/losblancos.be\/fr\/wp-json\/wp\/v2\/product_tag?post=5963"}],"curies":[{"name":"wp","href":"https:\/\/api.w.org\/{rel}","templated":true}]}}