{"id":5964,"date":"2023-10-02T09:26:57","date_gmt":"2023-10-02T09:26:57","guid":{"rendered":"https:\/\/losblancos.be\/product\/pro-satin-interieur-exterieur\/"},"modified":"2024-04-12T08:56:41","modified_gmt":"2024-04-12T08:56:41","slug":"pro-satin-interieur-exterieur","status":"publish","type":"product","link":"https:\/\/losblancos.be\/fr\/produit\/pro-satin-interieur-exterieur\/","title":{"rendered":"Pro satin int\u00e9rieur-ext\u00e9rieur"},"content":{"rendered":"","protected":false},"excerpt":{"rendered":"<p>Peinture satin\u00e9 en dispersion acrylique de top qualit\u00e9 pour int. et ext\u00e9rieur. Excellente adh\u00e9rence, <strong>pouvoir couvrant et blancheur \u00e9lev\u00e9<\/strong>, <strong>bonne fluidit\u00e9<\/strong>, <strong>tr\u00e8s bonne lavabilit\u00e9<\/strong> et <strong>r\u00e9sistance aux intemp\u00e9ries<\/strong>, <strong>n&rsquo;\u00e9clabousse pas<\/strong>. Application ais\u00e9e, respirant.<\/p>\n<p>Donne \u00e0 vos murs un aspect tendance et moderne. Pour un r\u00e9sultat final beau et uniforme.<\/p>\n","protected":false},"featured_media":5717,"template":"","meta":{"om_disable_all_campaigns":false,"_monsterinsights_skip_tracking":false,"_monsterinsights_sitenote_active":false,"_monsterinsights_sitenote_note":"","_monsterinsights_sitenote_category":0},"product_brand":[],"product_cat":[82,72,85],"product_tag":[],"class_list":{"0":"post-5964","1":"product","2":"type-product","3":"status-publish","4":"has-post-thumbnail","6":"product_cat-exterieur","7":"product_cat-finitions-des-murs-et-plafonds","8":"product_cat-interieur","10":"first","11":"instock","12":"shipping-taxable","13":"product-type-simple"},"_links":{"self":[{"href":"https:\/\/losblancos.be\/fr\/wp-json\/wp\/v2\/product\/5964","targetHints":{"allow":["GET"]}}],"collection":[{"href":"https:\/\/losblancos.be\/fr\/wp-json\/wp\/v2\/product"}],"about":[{"href":"https:\/\/losblancos.be\/fr\/wp-json\/wp\/v2\/types\/product"}],"wp:featuredmedia":[{"embeddable":true,"href":"https:\/\/losblancos.be\/fr\/wp-json\/wp\/v2\/media\/5717"}],"wp:attachment":[{"href":"https:\/\/losblancos.be\/fr\/wp-json\/wp\/v2\/media?parent=5964"}],"wp:term":[{"taxonomy":"product_brand","embeddable":true,"href":"https:\/\/losblancos.be\/fr\/wp-json\/wp\/v2\/product_brand?post=5964"},{"taxonomy":"product_cat","embeddable":true,"href":"https:\/\/losblancos.be\/fr\/wp-json\/wp\/v2\/product_cat?post=5964"},{"taxonomy":"product_tag","embeddable":true,"href":"https:\/\/losblancos.be\/fr\/wp-json\/wp\/v2\/product_tag?post=5964"}],"curies":[{"name":"wp","href":"https:\/\/api.w.org\/{rel}","templated":true}]}}