{"id":5965,"date":"2023-10-02T09:24:12","date_gmt":"2023-10-02T09:24:12","guid":{"rendered":"https:\/\/losblancos.be\/product\/pro-mat-interieur-exterieur\/"},"modified":"2024-04-12T08:59:35","modified_gmt":"2024-04-12T08:59:35","slug":"pro-mat-interieur-exterieur","status":"publish","type":"product","link":"https:\/\/losblancos.be\/fr\/produit\/pro-mat-interieur-exterieur\/","title":{"rendered":"Pro mat int\u00e9rieur-ext\u00e9rieur"},"content":{"rendered":"","protected":false},"excerpt":{"rendered":"<p>Peinture mate en dispersion acrylique de qualit\u00e9 sup\u00e9rieure pour l&rsquo;int\u00e9rieur et l&rsquo;ext\u00e9rieur. Excellente adh\u00e9rence, <strong>excellent pouvoir couvrant et blancheur<\/strong>, <strong>bon \u00e9coulement<\/strong>, <strong>absence d&rsquo;\u00e9claboussures<\/strong>, <strong>excellente lavabilit\u00e9<\/strong> et <strong>r\u00e9sistance aux intemp\u00e9ries<\/strong> sont ses principaux atouts. Application ais\u00e9e, respirant.<\/p>\n<p>Donne \u00e0 vos murs un aspect tendance et moderne. Pour un r\u00e9sultat final beau et uniforme.<\/p>\n","protected":false},"featured_media":5716,"template":"","meta":{"om_disable_all_campaigns":false,"_monsterinsights_skip_tracking":false,"_monsterinsights_sitenote_active":false,"_monsterinsights_sitenote_note":"","_monsterinsights_sitenote_category":0},"product_brand":[],"product_cat":[82,72,85],"product_tag":[],"class_list":{"0":"post-5965","1":"product","2":"type-product","3":"status-publish","4":"has-post-thumbnail","6":"product_cat-exterieur","7":"product_cat-finitions-des-murs-et-plafonds","8":"product_cat-interieur","10":"first","11":"instock","12":"shipping-taxable","13":"product-type-simple"},"_links":{"self":[{"href":"https:\/\/losblancos.be\/fr\/wp-json\/wp\/v2\/product\/5965","targetHints":{"allow":["GET"]}}],"collection":[{"href":"https:\/\/losblancos.be\/fr\/wp-json\/wp\/v2\/product"}],"about":[{"href":"https:\/\/losblancos.be\/fr\/wp-json\/wp\/v2\/types\/product"}],"wp:featuredmedia":[{"embeddable":true,"href":"https:\/\/losblancos.be\/fr\/wp-json\/wp\/v2\/media\/5716"}],"wp:attachment":[{"href":"https:\/\/losblancos.be\/fr\/wp-json\/wp\/v2\/media?parent=5965"}],"wp:term":[{"taxonomy":"product_brand","embeddable":true,"href":"https:\/\/losblancos.be\/fr\/wp-json\/wp\/v2\/product_brand?post=5965"},{"taxonomy":"product_cat","embeddable":true,"href":"https:\/\/losblancos.be\/fr\/wp-json\/wp\/v2\/product_cat?post=5965"},{"taxonomy":"product_tag","embeddable":true,"href":"https:\/\/losblancos.be\/fr\/wp-json\/wp\/v2\/product_tag?post=5965"}],"curies":[{"name":"wp","href":"https:\/\/api.w.org\/{rel}","templated":true}]}}