{"id":5966,"date":"2023-10-02T09:22:20","date_gmt":"2023-10-02T09:22:20","guid":{"rendered":"https:\/\/losblancos.be\/product\/pro-facade-satin-interieur-exterieur\/"},"modified":"2024-04-12T09:00:25","modified_gmt":"2024-04-12T09:00:25","slug":"pro-facade-satin-interieur-exterieur","status":"publish","type":"product","link":"https:\/\/losblancos.be\/fr\/produit\/pro-facade-satin-interieur-exterieur\/","title":{"rendered":"Pro fa\u00e7ade satin int\u00e9rieur-ext\u00e9rieur"},"content":{"rendered":"","protected":false},"excerpt":{"rendered":"<p>Peinture en dispersion acrylique satin\u00e9 de haute qualit\u00e9 pour les murs int\u00e9rieurs et ext\u00e9rieurs. Facile \u00e0 mettre, <strong>excellent pouvoir couvrant<\/strong>, respirant, <strong>parfaitement lavable<\/strong> et <strong>r\u00e9sistant aux intemp\u00e9ries<\/strong>. A une bonne adh\u00e9rence et une bonne fluidit\u00e9, n&rsquo;\u00e9clabousse pas ou presque pas.<\/p>\n<p>Donne \u00e0 votre int\u00e9rieur un look tendance et moderne. Pour un r\u00e9sultat final parfaitement lisse.<\/p>\n","protected":false},"featured_media":5711,"template":"","meta":{"om_disable_all_campaigns":false,"_monsterinsights_skip_tracking":false,"_monsterinsights_sitenote_active":false,"_monsterinsights_sitenote_note":"","_monsterinsights_sitenote_category":0},"product_brand":[],"product_cat":[82,72,85],"product_tag":[],"class_list":{"0":"post-5966","1":"product","2":"type-product","3":"status-publish","4":"has-post-thumbnail","6":"product_cat-exterieur","7":"product_cat-finitions-des-murs-et-plafonds","8":"product_cat-interieur","10":"first","11":"instock","12":"shipping-taxable","13":"product-type-simple"},"_links":{"self":[{"href":"https:\/\/losblancos.be\/fr\/wp-json\/wp\/v2\/product\/5966","targetHints":{"allow":["GET"]}}],"collection":[{"href":"https:\/\/losblancos.be\/fr\/wp-json\/wp\/v2\/product"}],"about":[{"href":"https:\/\/losblancos.be\/fr\/wp-json\/wp\/v2\/types\/product"}],"wp:featuredmedia":[{"embeddable":true,"href":"https:\/\/losblancos.be\/fr\/wp-json\/wp\/v2\/media\/5711"}],"wp:attachment":[{"href":"https:\/\/losblancos.be\/fr\/wp-json\/wp\/v2\/media?parent=5966"}],"wp:term":[{"taxonomy":"product_brand","embeddable":true,"href":"https:\/\/losblancos.be\/fr\/wp-json\/wp\/v2\/product_brand?post=5966"},{"taxonomy":"product_cat","embeddable":true,"href":"https:\/\/losblancos.be\/fr\/wp-json\/wp\/v2\/product_cat?post=5966"},{"taxonomy":"product_tag","embeddable":true,"href":"https:\/\/losblancos.be\/fr\/wp-json\/wp\/v2\/product_tag?post=5966"}],"curies":[{"name":"wp","href":"https:\/\/api.w.org\/{rel}","templated":true}]}}