{"id":5967,"date":"2023-10-02T09:20:00","date_gmt":"2023-10-02T09:20:00","guid":{"rendered":"https:\/\/losblancos.be\/product\/sil-coat-mat\/"},"modified":"2024-04-12T09:03:03","modified_gmt":"2024-04-12T09:03:03","slug":"sil-coat-mat","status":"publish","type":"product","link":"https:\/\/losblancos.be\/fr\/produit\/sil-coat-mat\/","title":{"rendered":"Sil coat mat"},"content":{"rendered":"","protected":false},"excerpt":{"rendered":"<p>Peinture mate pour fa\u00e7ade durable \u00e0 base d&rsquo;eau en dispersion de r\u00e9sine acrylique, avec effet perl\u00e9. La peinture offre une <b>excellente adh\u00e9rence<\/b>, <b>un excellent pouvoir couvrant et une grande blancheur. Elle s&rsquo;applique facilement et sans \u00e9claboussures. L&rsquo;excellente durabilit\u00e9 \u00e0 l&rsquo;ext\u00e9rieur <\/b>est obtenue<b> <\/b>par une faible adh\u00e9rence de la salet\u00e9 gr\u00e2ce \u00e0 l&rsquo;effet perlant et \u00e0 une perm\u00e9abilit\u00e9 \u00e9lev\u00e9e \u00e0 la vapeur d&rsquo;eau. Formul\u00e9e pour les applications ext\u00e9rieures.<\/p>\n","protected":false},"featured_media":5799,"template":"","meta":{"om_disable_all_campaigns":false,"_monsterinsights_skip_tracking":false,"_monsterinsights_sitenote_active":false,"_monsterinsights_sitenote_note":"","_monsterinsights_sitenote_category":0},"product_brand":[],"product_cat":[82,72],"product_tag":[],"class_list":{"0":"post-5967","1":"product","2":"type-product","3":"status-publish","4":"has-post-thumbnail","6":"product_cat-exterieur","7":"product_cat-finitions-des-murs-et-plafonds","9":"first","10":"instock","11":"shipping-taxable","12":"product-type-simple"},"_links":{"self":[{"href":"https:\/\/losblancos.be\/fr\/wp-json\/wp\/v2\/product\/5967","targetHints":{"allow":["GET"]}}],"collection":[{"href":"https:\/\/losblancos.be\/fr\/wp-json\/wp\/v2\/product"}],"about":[{"href":"https:\/\/losblancos.be\/fr\/wp-json\/wp\/v2\/types\/product"}],"wp:featuredmedia":[{"embeddable":true,"href":"https:\/\/losblancos.be\/fr\/wp-json\/wp\/v2\/media\/5799"}],"wp:attachment":[{"href":"https:\/\/losblancos.be\/fr\/wp-json\/wp\/v2\/media?parent=5967"}],"wp:term":[{"taxonomy":"product_brand","embeddable":true,"href":"https:\/\/losblancos.be\/fr\/wp-json\/wp\/v2\/product_brand?post=5967"},{"taxonomy":"product_cat","embeddable":true,"href":"https:\/\/losblancos.be\/fr\/wp-json\/wp\/v2\/product_cat?post=5967"},{"taxonomy":"product_tag","embeddable":true,"href":"https:\/\/losblancos.be\/fr\/wp-json\/wp\/v2\/product_tag?post=5967"}],"curies":[{"name":"wp","href":"https:\/\/api.w.org\/{rel}","templated":true}]}}