{"id":5968,"date":"2023-10-02T09:18:12","date_gmt":"2023-10-02T09:18:12","guid":{"rendered":"https:\/\/losblancos.be\/product\/pro-facade-mat-interieur-exterieur\/"},"modified":"2024-04-12T09:04:16","modified_gmt":"2024-04-12T09:04:16","slug":"pro-facade-mat-interieur-exterieur","status":"publish","type":"product","link":"https:\/\/losblancos.be\/fr\/produit\/pro-facade-mat-interieur-exterieur\/","title":{"rendered":"Pro fa\u00e7ade mat <br>int\u00e9rieur-ext\u00e9rieur"},"content":{"rendered":"","protected":false},"excerpt":{"rendered":"<p>Peinture en dispersion acrylique mate de haute qualit\u00e9 pour les murs int\u00e9rieurs et ext\u00e9rieurs. Application facile et pratiquement sans \u00e9claboussures, <strong>excellent pouvoir<\/strong> couvrant, respirante, <strong>parfaitement lavable<\/strong> et <strong>r\u00e9sistant aux intemp\u00e9ries<\/strong>. A une bonne adh\u00e9rence et une bonne fluidit\u00e9.<\/p>\n<p>Donne \u00e0 votre int\u00e9rieur un aspect tendance et moderne. Pour un r\u00e9sultat final agr\u00e9able.<\/p>\n","protected":false},"featured_media":5706,"template":"","meta":{"om_disable_all_campaigns":false,"_monsterinsights_skip_tracking":false,"_monsterinsights_sitenote_active":false,"_monsterinsights_sitenote_note":"","_monsterinsights_sitenote_category":0},"product_brand":[],"product_cat":[82,72,85],"product_tag":[],"class_list":{"0":"post-5968","1":"product","2":"type-product","3":"status-publish","4":"has-post-thumbnail","6":"product_cat-exterieur","7":"product_cat-finitions-des-murs-et-plafonds","8":"product_cat-interieur","10":"first","11":"instock","12":"shipping-taxable","13":"product-type-simple"},"_links":{"self":[{"href":"https:\/\/losblancos.be\/fr\/wp-json\/wp\/v2\/product\/5968","targetHints":{"allow":["GET"]}}],"collection":[{"href":"https:\/\/losblancos.be\/fr\/wp-json\/wp\/v2\/product"}],"about":[{"href":"https:\/\/losblancos.be\/fr\/wp-json\/wp\/v2\/types\/product"}],"wp:featuredmedia":[{"embeddable":true,"href":"https:\/\/losblancos.be\/fr\/wp-json\/wp\/v2\/media\/5706"}],"wp:attachment":[{"href":"https:\/\/losblancos.be\/fr\/wp-json\/wp\/v2\/media?parent=5968"}],"wp:term":[{"taxonomy":"product_brand","embeddable":true,"href":"https:\/\/losblancos.be\/fr\/wp-json\/wp\/v2\/product_brand?post=5968"},{"taxonomy":"product_cat","embeddable":true,"href":"https:\/\/losblancos.be\/fr\/wp-json\/wp\/v2\/product_cat?post=5968"},{"taxonomy":"product_tag","embeddable":true,"href":"https:\/\/losblancos.be\/fr\/wp-json\/wp\/v2\/product_tag?post=5968"}],"curies":[{"name":"wp","href":"https:\/\/api.w.org\/{rel}","templated":true}]}}