{"id":5969,"date":"2023-09-29T11:00:23","date_gmt":"2023-09-29T11:00:23","guid":{"rendered":"https:\/\/losblancos.be\/product\/project-chantier-interieur\/"},"modified":"2024-04-12T09:06:44","modified_gmt":"2024-04-12T09:06:44","slug":"project-chantier-interieur","status":"publish","type":"product","link":"https:\/\/losblancos.be\/fr\/produit\/project-chantier-interieur\/","title":{"rendered":"Project chantier int\u00e9rieur"},"content":{"rendered":"","protected":false},"excerpt":{"rendered":"<p>Peinture murale mate tr\u00e8s couvrante \u00e0 base de r\u00e9sine acrylique en dispersion. Application facile et <b>sans \u00e9claboussures<\/b>. Id\u00e9ale pour un r\u00e9sultat final beau et uniforme gr\u00e2ce \u00e0 <b>son bon \u00e9coulement<\/b> et \u00e0 <b>son excellent pouvoir couvrant et sa blancheur<\/b>. Ideaal voor grote nieuwbouw- en renovatieprojecten, meer specifiek voor een duurzame afwerking van binnenmuren en plafonds.<\/p>\n","protected":false},"featured_media":5704,"template":"","meta":{"om_disable_all_campaigns":false,"_monsterinsights_skip_tracking":false,"_monsterinsights_sitenote_active":false,"_monsterinsights_sitenote_note":"","_monsterinsights_sitenote_category":0},"product_brand":[],"product_cat":[72,85],"product_tag":[],"class_list":{"0":"post-5969","1":"product","2":"type-product","3":"status-publish","4":"has-post-thumbnail","6":"product_cat-finitions-des-murs-et-plafonds","7":"product_cat-interieur","9":"first","10":"instock","11":"shipping-taxable","12":"product-type-simple"},"_links":{"self":[{"href":"https:\/\/losblancos.be\/fr\/wp-json\/wp\/v2\/product\/5969","targetHints":{"allow":["GET"]}}],"collection":[{"href":"https:\/\/losblancos.be\/fr\/wp-json\/wp\/v2\/product"}],"about":[{"href":"https:\/\/losblancos.be\/fr\/wp-json\/wp\/v2\/types\/product"}],"wp:featuredmedia":[{"embeddable":true,"href":"https:\/\/losblancos.be\/fr\/wp-json\/wp\/v2\/media\/5704"}],"wp:attachment":[{"href":"https:\/\/losblancos.be\/fr\/wp-json\/wp\/v2\/media?parent=5969"}],"wp:term":[{"taxonomy":"product_brand","embeddable":true,"href":"https:\/\/losblancos.be\/fr\/wp-json\/wp\/v2\/product_brand?post=5969"},{"taxonomy":"product_cat","embeddable":true,"href":"https:\/\/losblancos.be\/fr\/wp-json\/wp\/v2\/product_cat?post=5969"},{"taxonomy":"product_tag","embeddable":true,"href":"https:\/\/losblancos.be\/fr\/wp-json\/wp\/v2\/product_tag?post=5969"}],"curies":[{"name":"wp","href":"https:\/\/api.w.org\/{rel}","templated":true}]}}