{"id":5970,"date":"2023-09-29T10:57:20","date_gmt":"2023-09-29T10:57:20","guid":{"rendered":"https:\/\/losblancos.be\/product\/pro-plafond\/"},"modified":"2024-04-12T09:07:10","modified_gmt":"2024-04-12T09:07:10","slug":"pro-plafond","status":"publish","type":"product","link":"https:\/\/losblancos.be\/fr\/produit\/pro-plafond\/","title":{"rendered":"Pro Plafond"},"content":{"rendered":"","protected":false},"excerpt":{"rendered":"<p>Peinture acrylique, \u00e0 base d&rsquo;eau, mate pour plafonds int\u00e9rieur. Facile \u00e0 appliquer, avec un tr\u00e8s beau r\u00e9sultat final gr\u00e2ce \u00e0 <b>sa bonne fluidit\u00e9<\/b>. <b>S\u00e8che rapidement<\/b>, est <b>peu odorante<\/b> et respirante.<\/p>\n","protected":false},"featured_media":5701,"template":"","meta":{"om_disable_all_campaigns":false,"_monsterinsights_skip_tracking":false,"_monsterinsights_sitenote_active":false,"_monsterinsights_sitenote_note":"","_monsterinsights_sitenote_category":0},"product_brand":[],"product_cat":[72,85],"product_tag":[],"class_list":{"0":"post-5970","1":"product","2":"type-product","3":"status-publish","4":"has-post-thumbnail","6":"product_cat-finitions-des-murs-et-plafonds","7":"product_cat-interieur","9":"first","10":"instock","11":"shipping-taxable","12":"product-type-simple"},"_links":{"self":[{"href":"https:\/\/losblancos.be\/fr\/wp-json\/wp\/v2\/product\/5970","targetHints":{"allow":["GET"]}}],"collection":[{"href":"https:\/\/losblancos.be\/fr\/wp-json\/wp\/v2\/product"}],"about":[{"href":"https:\/\/losblancos.be\/fr\/wp-json\/wp\/v2\/types\/product"}],"wp:featuredmedia":[{"embeddable":true,"href":"https:\/\/losblancos.be\/fr\/wp-json\/wp\/v2\/media\/5701"}],"wp:attachment":[{"href":"https:\/\/losblancos.be\/fr\/wp-json\/wp\/v2\/media?parent=5970"}],"wp:term":[{"taxonomy":"product_brand","embeddable":true,"href":"https:\/\/losblancos.be\/fr\/wp-json\/wp\/v2\/product_brand?post=5970"},{"taxonomy":"product_cat","embeddable":true,"href":"https:\/\/losblancos.be\/fr\/wp-json\/wp\/v2\/product_cat?post=5970"},{"taxonomy":"product_tag","embeddable":true,"href":"https:\/\/losblancos.be\/fr\/wp-json\/wp\/v2\/product_tag?post=5970"}],"curies":[{"name":"wp","href":"https:\/\/api.w.org\/{rel}","templated":true}]}}