{"id":5972,"date":"2023-09-29T10:34:37","date_gmt":"2023-09-29T10:34:37","guid":{"rendered":"https:\/\/losblancos.be\/product\/acryl-mur-exterieur-diy\/"},"modified":"2024-04-12T08:34:25","modified_gmt":"2024-04-12T08:34:25","slug":"acryl-mur-exterieur-diy","status":"publish","type":"product","link":"https:\/\/losblancos.be\/fr\/produit\/acryl-mur-exterieur-diy\/","title":{"rendered":"Acryl mur ext\u00e9rieur diy"},"content":{"rendered":"","protected":false},"excerpt":{"rendered":"<p>Peinture murale mate \u00e0 base d&rsquo;eau pour l&rsquo;int\u00e9rieur et l&rsquo;ext\u00e9rieur. <b>Facile \u00e0 appliquer<\/b>. Excellent <b>pouvoir couvrant<\/b>, surtout apr\u00e8s s\u00e9chage. Convient \u00e9galement aux applications au pistolet. <b>S\u00e9chage rapide<\/b>, respirant.<\/p>\n","protected":false},"featured_media":5794,"template":"","meta":{"om_disable_all_campaigns":false,"_monsterinsights_skip_tracking":false,"_monsterinsights_sitenote_active":false,"_monsterinsights_sitenote_note":"","_monsterinsights_sitenote_category":0},"product_brand":[],"product_cat":[82,72],"product_tag":[],"class_list":{"0":"post-5972","1":"product","2":"type-product","3":"status-publish","4":"has-post-thumbnail","6":"product_cat-exterieur","7":"product_cat-finitions-des-murs-et-plafonds","9":"first","10":"instock","11":"shipping-taxable","12":"product-type-simple"},"_links":{"self":[{"href":"https:\/\/losblancos.be\/fr\/wp-json\/wp\/v2\/product\/5972","targetHints":{"allow":["GET"]}}],"collection":[{"href":"https:\/\/losblancos.be\/fr\/wp-json\/wp\/v2\/product"}],"about":[{"href":"https:\/\/losblancos.be\/fr\/wp-json\/wp\/v2\/types\/product"}],"wp:featuredmedia":[{"embeddable":true,"href":"https:\/\/losblancos.be\/fr\/wp-json\/wp\/v2\/media\/5794"}],"wp:attachment":[{"href":"https:\/\/losblancos.be\/fr\/wp-json\/wp\/v2\/media?parent=5972"}],"wp:term":[{"taxonomy":"product_brand","embeddable":true,"href":"https:\/\/losblancos.be\/fr\/wp-json\/wp\/v2\/product_brand?post=5972"},{"taxonomy":"product_cat","embeddable":true,"href":"https:\/\/losblancos.be\/fr\/wp-json\/wp\/v2\/product_cat?post=5972"},{"taxonomy":"product_tag","embeddable":true,"href":"https:\/\/losblancos.be\/fr\/wp-json\/wp\/v2\/product_tag?post=5972"}],"curies":[{"name":"wp","href":"https:\/\/api.w.org\/{rel}","templated":true}]}}