{"id":5974,"date":"2023-09-29T10:29:48","date_gmt":"2023-09-29T10:29:48","guid":{"rendered":"https:\/\/losblancos.be\/product\/acryl-mur-superior-interieur-et-exterieur\/"},"modified":"2024-04-12T08:48:16","modified_gmt":"2024-04-12T08:48:16","slug":"acryl-mur-superior-interieur-et-exterieur","status":"publish","type":"product","link":"https:\/\/losblancos.be\/fr\/produit\/acryl-mur-superior-interieur-et-exterieur\/","title":{"rendered":"Acryl mur superior int\u00e9rieur et ext\u00e9rieur"},"content":{"rendered":"","protected":false},"excerpt":{"rendered":"<p>Peinture murale aqueuse mate pour int\u00e9rieur \u00e0 base d\u2019acrylique, con\u00e7ue pour l\u2019int\u00e9rieur mais peut \u00eatre utilis\u00e9e \u00e0 l\u2019ext\u00e9rieur. Facile \u00e0 mettre, avec un tr\u00e8s beau r\u00e9sultat final gr\u00e2ce \u00e0 son <b>excellent fluidit\u00e9<\/b>. Convient \u00e9galement aux applications par pistolet. S<b>\u00e8che rapidement<\/b>, a un f<b>aible odeur<\/b> et est respirant.<\/p>\n","protected":false},"featured_media":5786,"template":"","meta":{"om_disable_all_campaigns":false,"_monsterinsights_skip_tracking":false,"_monsterinsights_sitenote_active":false,"_monsterinsights_sitenote_note":"","_monsterinsights_sitenote_category":0},"product_brand":[],"product_cat":[82,72,85],"product_tag":[],"class_list":{"0":"post-5974","1":"product","2":"type-product","3":"status-publish","4":"has-post-thumbnail","6":"product_cat-exterieur","7":"product_cat-finitions-des-murs-et-plafonds","8":"product_cat-interieur","10":"first","11":"instock","12":"shipping-taxable","13":"product-type-simple"},"_links":{"self":[{"href":"https:\/\/losblancos.be\/fr\/wp-json\/wp\/v2\/product\/5974","targetHints":{"allow":["GET"]}}],"collection":[{"href":"https:\/\/losblancos.be\/fr\/wp-json\/wp\/v2\/product"}],"about":[{"href":"https:\/\/losblancos.be\/fr\/wp-json\/wp\/v2\/types\/product"}],"wp:featuredmedia":[{"embeddable":true,"href":"https:\/\/losblancos.be\/fr\/wp-json\/wp\/v2\/media\/5786"}],"wp:attachment":[{"href":"https:\/\/losblancos.be\/fr\/wp-json\/wp\/v2\/media?parent=5974"}],"wp:term":[{"taxonomy":"product_brand","embeddable":true,"href":"https:\/\/losblancos.be\/fr\/wp-json\/wp\/v2\/product_brand?post=5974"},{"taxonomy":"product_cat","embeddable":true,"href":"https:\/\/losblancos.be\/fr\/wp-json\/wp\/v2\/product_cat?post=5974"},{"taxonomy":"product_tag","embeddable":true,"href":"https:\/\/losblancos.be\/fr\/wp-json\/wp\/v2\/product_tag?post=5974"}],"curies":[{"name":"wp","href":"https:\/\/api.w.org\/{rel}","templated":true}]}}