{"id":5975,"date":"2023-09-29T10:25:24","date_gmt":"2023-09-29T10:25:24","guid":{"rendered":"https:\/\/losblancos.be\/product\/acryl-mur-superior-interieur\/"},"modified":"2024-04-12T08:47:51","modified_gmt":"2024-04-12T08:47:51","slug":"acryl-mur-superior-interieur","status":"publish","type":"product","link":"https:\/\/losblancos.be\/fr\/produit\/acryl-mur-superior-interieur\/","title":{"rendered":"Acryl mur superior int\u00e9rieur"},"content":{"rendered":"","protected":false},"excerpt":{"rendered":"<p>Peinture mate \u00e0 base d&rsquo;eau pour murs et plafonds \u00e0 usage int\u00e9rieur. <b>Facile \u00e0 appliquer<\/b>. <b>S\u00e8che rapidement<\/b> et est <b>respirante<\/b>. Bon pouvoir couvrant.<\/p>\n","protected":false},"featured_media":5790,"template":"","meta":{"om_disable_all_campaigns":false,"_monsterinsights_skip_tracking":false,"_monsterinsights_sitenote_active":false,"_monsterinsights_sitenote_note":"","_monsterinsights_sitenote_category":0},"product_brand":[],"product_cat":[85],"product_tag":[],"class_list":{"0":"post-5975","1":"product","2":"type-product","3":"status-publish","4":"has-post-thumbnail","6":"product_cat-interieur","8":"first","9":"instock","10":"shipping-taxable","11":"product-type-simple"},"_links":{"self":[{"href":"https:\/\/losblancos.be\/fr\/wp-json\/wp\/v2\/product\/5975","targetHints":{"allow":["GET"]}}],"collection":[{"href":"https:\/\/losblancos.be\/fr\/wp-json\/wp\/v2\/product"}],"about":[{"href":"https:\/\/losblancos.be\/fr\/wp-json\/wp\/v2\/types\/product"}],"wp:featuredmedia":[{"embeddable":true,"href":"https:\/\/losblancos.be\/fr\/wp-json\/wp\/v2\/media\/5790"}],"wp:attachment":[{"href":"https:\/\/losblancos.be\/fr\/wp-json\/wp\/v2\/media?parent=5975"}],"wp:term":[{"taxonomy":"product_brand","embeddable":true,"href":"https:\/\/losblancos.be\/fr\/wp-json\/wp\/v2\/product_brand?post=5975"},{"taxonomy":"product_cat","embeddable":true,"href":"https:\/\/losblancos.be\/fr\/wp-json\/wp\/v2\/product_cat?post=5975"},{"taxonomy":"product_tag","embeddable":true,"href":"https:\/\/losblancos.be\/fr\/wp-json\/wp\/v2\/product_tag?post=5975"}],"curies":[{"name":"wp","href":"https:\/\/api.w.org\/{rel}","templated":true}]}}