{"id":5976,"date":"2023-09-29T10:16:18","date_gmt":"2023-09-29T10:16:18","guid":{"rendered":"https:\/\/losblancos.be\/product\/aquaprimer\/"},"modified":"2024-04-12T08:46:12","modified_gmt":"2024-04-12T08:46:12","slug":"aquaprimer","status":"publish","type":"product","link":"https:\/\/losblancos.be\/fr\/produit\/aquaprimer\/","title":{"rendered":"Aquaprimer"},"content":{"rendered":"","protected":false},"excerpt":{"rendered":"<p>Aquaprimer est un appr\u00eat mat et <b>opaque<\/b> \u00e0 base d&rsquo;eau. Primaire acrylique en dispersion de haute qualit\u00e9 convenant aux plafonds et aux murs \u00e0 l&rsquo;int\u00e9rieur et \u00e0 l&rsquo;ext\u00e9rieur. N&rsquo;\u00e9clabousse pas ou peu lors de l&rsquo;application. Assure une bonne adh\u00e9rence de la couche finale. <b>S\u00e9chage rapide<\/b>, <b>bon \u00e9coulement<\/b>, <b>faible odeur<\/b> et respirant.<\/p>\n","protected":false},"featured_media":5681,"template":"","meta":{"om_disable_all_campaigns":false,"_monsterinsights_skip_tracking":false,"_monsterinsights_sitenote_active":false,"_monsterinsights_sitenote_note":"","_monsterinsights_sitenote_category":0},"product_brand":[],"product_cat":[71],"product_tag":[],"class_list":{"0":"post-5976","1":"product","2":"type-product","3":"status-publish","4":"has-post-thumbnail","6":"product_cat-primer-pour-murs-et-plafonds","8":"first","9":"instock","10":"shipping-taxable","11":"product-type-simple"},"_links":{"self":[{"href":"https:\/\/losblancos.be\/fr\/wp-json\/wp\/v2\/product\/5976","targetHints":{"allow":["GET"]}}],"collection":[{"href":"https:\/\/losblancos.be\/fr\/wp-json\/wp\/v2\/product"}],"about":[{"href":"https:\/\/losblancos.be\/fr\/wp-json\/wp\/v2\/types\/product"}],"wp:featuredmedia":[{"embeddable":true,"href":"https:\/\/losblancos.be\/fr\/wp-json\/wp\/v2\/media\/5681"}],"wp:attachment":[{"href":"https:\/\/losblancos.be\/fr\/wp-json\/wp\/v2\/media?parent=5976"}],"wp:term":[{"taxonomy":"product_brand","embeddable":true,"href":"https:\/\/losblancos.be\/fr\/wp-json\/wp\/v2\/product_brand?post=5976"},{"taxonomy":"product_cat","embeddable":true,"href":"https:\/\/losblancos.be\/fr\/wp-json\/wp\/v2\/product_cat?post=5976"},{"taxonomy":"product_tag","embeddable":true,"href":"https:\/\/losblancos.be\/fr\/wp-json\/wp\/v2\/product_tag?post=5976"}],"curies":[{"name":"wp","href":"https:\/\/api.w.org\/{rel}","templated":true}]}}