{"id":5977,"date":"2023-09-29T10:14:20","date_gmt":"2023-09-29T10:14:20","guid":{"rendered":"https:\/\/losblancos.be\/product\/pro-primer-mur-plafond\/"},"modified":"2024-04-12T08:46:07","modified_gmt":"2024-04-12T08:46:07","slug":"pro-primer-mur-plafond","status":"publish","type":"product","link":"https:\/\/losblancos.be\/fr\/produit\/pro-primer-mur-plafond\/","title":{"rendered":"Pro-primer mur plafond"},"content":{"rendered":"","protected":false},"excerpt":{"rendered":"<p>Primer technique de haute qualit\u00e9 \u00e0 base d&rsquo;ac\u00e9tate de polyvinyle qui <b>neutralise les diff\u00e9rences de succion<\/b>. Assure une bonne adh\u00e9rence de la couche finale sur pratiquement tous les supports min\u00e9raux. <b>Application facile<\/b> et <b>sans \u00e9claboussures<\/b>. Le primer est respirant. Pour l&rsquo;int\u00e9rieur et l&rsquo;ext\u00e9rieur.<\/p>\n","protected":false},"featured_media":5792,"template":"","meta":{"om_disable_all_campaigns":false,"_monsterinsights_skip_tracking":false,"_monsterinsights_sitenote_active":false,"_monsterinsights_sitenote_note":"","_monsterinsights_sitenote_category":0},"product_brand":[],"product_cat":[71],"product_tag":[],"class_list":{"0":"post-5977","1":"product","2":"type-product","3":"status-publish","4":"has-post-thumbnail","6":"product_cat-primer-pour-murs-et-plafonds","8":"first","9":"instock","10":"shipping-taxable","11":"product-type-simple"},"_links":{"self":[{"href":"https:\/\/losblancos.be\/fr\/wp-json\/wp\/v2\/product\/5977","targetHints":{"allow":["GET"]}}],"collection":[{"href":"https:\/\/losblancos.be\/fr\/wp-json\/wp\/v2\/product"}],"about":[{"href":"https:\/\/losblancos.be\/fr\/wp-json\/wp\/v2\/types\/product"}],"wp:featuredmedia":[{"embeddable":true,"href":"https:\/\/losblancos.be\/fr\/wp-json\/wp\/v2\/media\/5792"}],"wp:attachment":[{"href":"https:\/\/losblancos.be\/fr\/wp-json\/wp\/v2\/media?parent=5977"}],"wp:term":[{"taxonomy":"product_brand","embeddable":true,"href":"https:\/\/losblancos.be\/fr\/wp-json\/wp\/v2\/product_brand?post=5977"},{"taxonomy":"product_cat","embeddable":true,"href":"https:\/\/losblancos.be\/fr\/wp-json\/wp\/v2\/product_cat?post=5977"},{"taxonomy":"product_tag","embeddable":true,"href":"https:\/\/losblancos.be\/fr\/wp-json\/wp\/v2\/product_tag?post=5977"}],"curies":[{"name":"wp","href":"https:\/\/api.w.org\/{rel}","templated":true}]}}