{"id":5978,"date":"2023-09-29T10:03:43","date_gmt":"2023-09-29T10:03:43","guid":{"rendered":"https:\/\/losblancos.be\/product\/primer-paint-2en1\/"},"modified":"2024-04-12T08:46:17","modified_gmt":"2024-04-12T08:46:17","slug":"primer-paint-2en1","status":"publish","type":"product","link":"https:\/\/losblancos.be\/fr\/produit\/primer-paint-2en1\/","title":{"rendered":"Primer &amp; Paint 2en1"},"content":{"rendered":"","protected":false},"excerpt":{"rendered":"<p>Primer&amp;paint 2en1 est une formulation unique qui combine les propri\u00e9t\u00e9s d&rsquo;un primer et d&rsquo;une couche de finition!<\/p>\n<p>Il s&rsquo;agit d&rsquo;une peinture acrylique en dispersion de haute qualit\u00e9, mate, adapt\u00e9e aux murs et aux plafonds. Peut \u00eatre utilis\u00e9e \u00e0 l&rsquo;int\u00e9rieur comme \u00e0 l&rsquo;ext\u00e9rieur. <strong>Application facile et sans \u00e9claboussures<\/strong>, <strong>excellent pouvoir couvrant<\/strong>, respirant, tr\u00e8s lavable et <strong>r\u00e9sistant aux intemp\u00e9ries<\/strong>. <strong>Bonne adh\u00e9rence et bonne fluidit\u00e9<\/strong>. <strong>S\u00e8che rapidement et est inodore<\/strong><\/p>\n","protected":false},"featured_media":5670,"template":"","meta":{"om_disable_all_campaigns":false,"_monsterinsights_skip_tracking":false,"_monsterinsights_sitenote_active":false,"_monsterinsights_sitenote_note":"","_monsterinsights_sitenote_category":0},"product_brand":[],"product_cat":[71],"product_tag":[],"class_list":{"0":"post-5978","1":"product","2":"type-product","3":"status-publish","4":"has-post-thumbnail","6":"product_cat-primer-pour-murs-et-plafonds","8":"first","9":"instock","10":"shipping-taxable","11":"product-type-simple"},"_links":{"self":[{"href":"https:\/\/losblancos.be\/fr\/wp-json\/wp\/v2\/product\/5978","targetHints":{"allow":["GET"]}}],"collection":[{"href":"https:\/\/losblancos.be\/fr\/wp-json\/wp\/v2\/product"}],"about":[{"href":"https:\/\/losblancos.be\/fr\/wp-json\/wp\/v2\/types\/product"}],"wp:featuredmedia":[{"embeddable":true,"href":"https:\/\/losblancos.be\/fr\/wp-json\/wp\/v2\/media\/5670"}],"wp:attachment":[{"href":"https:\/\/losblancos.be\/fr\/wp-json\/wp\/v2\/media?parent=5978"}],"wp:term":[{"taxonomy":"product_brand","embeddable":true,"href":"https:\/\/losblancos.be\/fr\/wp-json\/wp\/v2\/product_brand?post=5978"},{"taxonomy":"product_cat","embeddable":true,"href":"https:\/\/losblancos.be\/fr\/wp-json\/wp\/v2\/product_cat?post=5978"},{"taxonomy":"product_tag","embeddable":true,"href":"https:\/\/losblancos.be\/fr\/wp-json\/wp\/v2\/product_tag?post=5978"}],"curies":[{"name":"wp","href":"https:\/\/api.w.org\/{rel}","templated":true}]}}