{"id":6396,"date":"2025-12-17T08:17:04","date_gmt":"2025-12-17T08:17:04","guid":{"rendered":"https:\/\/losblancos.be\/product\/peinture-pour-presses-a-grains-fins\/"},"modified":"2025-12-18T08:01:35","modified_gmt":"2025-12-18T08:01:35","slug":"peinture-pour-presses-a-grains-fins","status":"publish","type":"product","link":"https:\/\/losblancos.be\/fr\/produit\/peinture-pour-presses-a-grains-fins\/","title":{"rendered":"Kalei peinture grains fins"},"content":{"rendered":"","protected":false},"excerpt":{"rendered":"<p>Cette peinture pour fa\u00e7ades \u00e0 effet chaux, \u00e0 base de dispersion de r\u00e9sine synth\u00e9tique silicon\u00e9e styr\u00e8ne-acrylate, est con\u00e7ue pour imiter l&rsquo;aspect de la chaux traditionnel sur les fa\u00e7ades La peinture chaux moyenne pr\u00e9sente une structure granuleuse r\u00e9guli\u00e8re et est facile \u00e0 appliquer la pr\u00e9sence de grains plus gros donne un effet plus rugueux. La peinture pour fa\u00e7ades \u00e0 effet chaux n&rsquo;est pas seulement esth\u00e9tique, elle est \u00e9galement durable, r\u00e9sistante aux intemp\u00e9ries et respirante, ce qui la rend adapt\u00e9e \u00e0 une utilisation tant \u00e0 l&rsquo;int\u00e9rieur qu&rsquo;\u00e0 l&rsquo;ext\u00e9rieur.<\/p>\n","protected":false},"featured_media":6388,"template":"","meta":{"om_disable_all_campaigns":false,"_monsterinsights_skip_tracking":false,"_monsterinsights_sitenote_active":false,"_monsterinsights_sitenote_note":"","_monsterinsights_sitenote_category":0},"product_brand":[],"product_cat":[82,83],"product_tag":[],"class_list":{"0":"post-6396","1":"product","2":"type-product","3":"status-publish","4":"has-post-thumbnail","6":"product_cat-exterieur","7":"product_cat-platre-decoratif","9":"first","10":"instock","11":"featured","12":"shipping-taxable","13":"product-type-simple"},"_links":{"self":[{"href":"https:\/\/losblancos.be\/fr\/wp-json\/wp\/v2\/product\/6396","targetHints":{"allow":["GET"]}}],"collection":[{"href":"https:\/\/losblancos.be\/fr\/wp-json\/wp\/v2\/product"}],"about":[{"href":"https:\/\/losblancos.be\/fr\/wp-json\/wp\/v2\/types\/product"}],"wp:featuredmedia":[{"embeddable":true,"href":"https:\/\/losblancos.be\/fr\/wp-json\/wp\/v2\/media\/6388"}],"wp:attachment":[{"href":"https:\/\/losblancos.be\/fr\/wp-json\/wp\/v2\/media?parent=6396"}],"wp:term":[{"taxonomy":"product_brand","embeddable":true,"href":"https:\/\/losblancos.be\/fr\/wp-json\/wp\/v2\/product_brand?post=6396"},{"taxonomy":"product_cat","embeddable":true,"href":"https:\/\/losblancos.be\/fr\/wp-json\/wp\/v2\/product_cat?post=6396"},{"taxonomy":"product_tag","embeddable":true,"href":"https:\/\/losblancos.be\/fr\/wp-json\/wp\/v2\/product_tag?post=6396"}],"curies":[{"name":"wp","href":"https:\/\/api.w.org\/{rel}","templated":true}]}}