{"id":6397,"date":"2024-05-02T14:34:10","date_gmt":"2024-05-02T14:34:10","guid":{"rendered":"https:\/\/losblancos.be\/product\/peinture-milieu\/"},"modified":"2025-12-17T09:24:08","modified_gmt":"2025-12-17T09:24:08","slug":"peinture-milieu","status":"publish","type":"product","link":"https:\/\/losblancos.be\/fr\/produit\/peinture-milieu\/","title":{"rendered":"Kalei peinture grain milieu"},"content":{"rendered":"","protected":false},"excerpt":{"rendered":"<p>Cette peinture de fa\u00e7ade \u00e0 <strong>effet kalei<\/strong>, \u00e0 base de dispersion de r\u00e9sine synth\u00e9tique silicon\u00e9e \u00e0 base d&rsquo;acrylate de styr\u00e8ne, est con\u00e7ue pour imiter l&rsquo;aspect des kalei traditionnels sur les fa\u00e7ades. Le m\u00e9dium \u00e0 peindre Kaleiver a une structure granulaire r\u00e9guli\u00e8re et est facile \u00e0 appliquer. La pr\u00e9sence de grains plus gros donne un <strong>effet plus rugueux<\/strong>. La peinture de fa\u00e7ade \u00e0 effet kalei n&rsquo;est pas seulement esth\u00e9tique, elle est aussi durable, <strong>r\u00e9sistante aux intemp\u00e9ries<\/strong> et perm\u00e9able \u00e0 l&rsquo;air, ce qui la rend adapt\u00e9e aux applications int\u00e9rieures et ext\u00e9rieures.<\/p>\n","protected":false},"featured_media":6290,"template":"","meta":{"om_disable_all_campaigns":false,"_monsterinsights_skip_tracking":false,"_monsterinsights_sitenote_active":false,"_monsterinsights_sitenote_note":"","_monsterinsights_sitenote_category":0},"product_brand":[],"product_cat":[82,83],"product_tag":[],"class_list":{"0":"post-6397","1":"product","2":"type-product","3":"status-publish","4":"has-post-thumbnail","6":"product_cat-exterieur","7":"product_cat-platre-decoratif","9":"first","10":"instock","11":"shipping-taxable","12":"product-type-simple"},"_links":{"self":[{"href":"https:\/\/losblancos.be\/fr\/wp-json\/wp\/v2\/product\/6397","targetHints":{"allow":["GET"]}}],"collection":[{"href":"https:\/\/losblancos.be\/fr\/wp-json\/wp\/v2\/product"}],"about":[{"href":"https:\/\/losblancos.be\/fr\/wp-json\/wp\/v2\/types\/product"}],"wp:featuredmedia":[{"embeddable":true,"href":"https:\/\/losblancos.be\/fr\/wp-json\/wp\/v2\/media\/6290"}],"wp:attachment":[{"href":"https:\/\/losblancos.be\/fr\/wp-json\/wp\/v2\/media?parent=6397"}],"wp:term":[{"taxonomy":"product_brand","embeddable":true,"href":"https:\/\/losblancos.be\/fr\/wp-json\/wp\/v2\/product_brand?post=6397"},{"taxonomy":"product_cat","embeddable":true,"href":"https:\/\/losblancos.be\/fr\/wp-json\/wp\/v2\/product_cat?post=6397"},{"taxonomy":"product_tag","embeddable":true,"href":"https:\/\/losblancos.be\/fr\/wp-json\/wp\/v2\/product_tag?post=6397"}],"curies":[{"name":"wp","href":"https:\/\/api.w.org\/{rel}","templated":true}]}}